{"id":402,"date":"2024-11-20T16:08:12","date_gmt":"2024-11-20T15:08:12","guid":{"rendered":"https:\/\/www.pvsolarsys.sk\/?page_id=402"},"modified":"2024-12-12T13:26:29","modified_gmt":"2024-12-12T12:26:29","slug":"o-nas","status":"publish","type":"page","link":"https:\/\/www.pvsolarsys.sk\/en\/o-nas\/","title":{"rendered":"About us"},"content":{"rendered":"<div data-elementor-type=\"wp-page\" data-elementor-id=\"402\" class=\"elementor elementor-402\" data-elementor-post-type=\"page\">\n\t\t\t\t\t\t<section class=\"elementor-section elementor-top-section elementor-element elementor-element-7e3d36ab elementor-section-boxed elementor-section-height-default elementor-section-height-default\" data-id=\"7e3d36ab\" data-element_type=\"section\" data-settings=\"{&quot;background_background&quot;:&quot;classic&quot;}\">\n\t\t\t\t\t\t\t<div class=\"elementor-background-overlay\"><\/div>\n\t\t\t\t\t\t\t<div class=\"elementor-container elementor-column-gap-default\">\n\t\t\t\t\t<div class=\"elementor-column elementor-col-100 elementor-top-column elementor-element elementor-element-618addbf\" data-id=\"618addbf\" data-element_type=\"column\">\n\t\t\t<div class=\"elementor-widget-wrap elementor-element-populated\">\n\t\t\t\t\t\t<div class=\"elementor-element elementor-element-60baec07 elementor-widget elementor-widget-heading\" data-id=\"60baec07\" data-element_type=\"widget\" data-widget_type=\"heading.default\">\n\t\t\t\t<div class=\"elementor-widget-container\">\n\t\t\t<h2 class=\"elementor-heading-title elementor-size-default\">About us<\/h2>\t\t<\/div>\n\t\t\t\t<\/div>\n\t\t\t\t\t<\/div>\n\t\t<\/div>\n\t\t\t\t\t<\/div>\n\t\t<\/section>\n\t\t\t\t<section class=\"elementor-section elementor-top-section elementor-element elementor-element-4d5a2f07 elementor-reverse-tablet elementor-reverse-mobile elementor-section-boxed elementor-section-height-default elementor-section-height-default\" data-id=\"4d5a2f07\" data-element_type=\"section\" data-settings=\"{&quot;background_background&quot;:&quot;classic&quot;}\">\n\t\t\t\t\t\t<div class=\"elementor-container elementor-column-gap-default\">\n\t\t\t\t\t<div class=\"elementor-column elementor-col-50 elementor-top-column elementor-element elementor-element-1eddcdff elementor-invisible\" data-id=\"1eddcdff\" data-element_type=\"column\" data-settings=\"{&quot;background_background&quot;:&quot;classic&quot;,&quot;animation&quot;:&quot;fadeIn&quot;,&quot;animation_delay&quot;:300}\">\n\t\t\t<div class=\"elementor-widget-wrap elementor-element-populated\">\n\t\t\t\t\t<div class=\"elementor-background-overlay\"><\/div>\n\t\t\t\t\t\t<div class=\"elementor-element elementor-element-3f895750 elementor-widget elementor-widget-spacer\" data-id=\"3f895750\" data-element_type=\"widget\" data-widget_type=\"spacer.default\">\n\t\t\t\t<div class=\"elementor-widget-container\">\n\t\t\t\t\t<div class=\"elementor-spacer\">\n\t\t\t<div class=\"elementor-spacer-inner\"><\/div>\n\t\t<\/div>\n\t\t\t\t<\/div>\n\t\t\t\t<\/div>\n\t\t\t\t\t<\/div>\n\t\t<\/div>\n\t\t\t\t<div class=\"elementor-column elementor-col-50 elementor-top-column elementor-element elementor-element-1c6125a5 elementor-invisible\" data-id=\"1c6125a5\" data-element_type=\"column\" data-settings=\"{&quot;background_background&quot;:&quot;classic&quot;,&quot;animation&quot;:&quot;fadeIn&quot;}\">\n\t\t\t<div class=\"elementor-widget-wrap elementor-element-populated\">\n\t\t\t\t\t<div class=\"elementor-background-overlay\"><\/div>\n\t\t\t\t\t\t<div class=\"elementor-element elementor-element-6590058d elementor-widget__width-auto elementor-invisible elementor-widget elementor-widget-heading\" data-id=\"6590058d\" data-element_type=\"widget\" data-settings=\"{&quot;_animation&quot;:&quot;fadeInLeft&quot;}\" data-widget_type=\"heading.default\">\n\t\t\t\t<div class=\"elementor-widget-container\">\n\t\t\t<h5 class=\"elementor-heading-title elementor-size-default\">About us<\/h5>\t\t<\/div>\n\t\t\t\t<\/div>\n\t\t\t\t<div class=\"elementor-element elementor-element-281b8c73 animated-slow elementor-invisible elementor-widget elementor-widget-heading\" data-id=\"281b8c73\" data-element_type=\"widget\" data-settings=\"{&quot;_animation&quot;:&quot;zoomIn&quot;,&quot;_animation_delay&quot;:300}\" data-widget_type=\"heading.default\">\n\t\t\t\t<div class=\"elementor-widget-container\">\n\t\t\t<h2 class=\"elementor-heading-title elementor-size-default\">Who we are?<\/h2>\t\t<\/div>\n\t\t\t\t<\/div>\n\t\t\t\t<div class=\"elementor-element elementor-element-fd82331 animated-slow elementor-invisible elementor-widget elementor-widget-text-editor\" data-id=\"fd82331\" data-element_type=\"widget\" data-settings=\"{&quot;_animation&quot;:&quot;zoomIn&quot;,&quot;_animation_delay&quot;:500}\" data-widget_type=\"text-editor.default\">\n\t\t\t\t<div class=\"elementor-widget-container\">\n\t\t\t\t\t\t\t<p>PV Solarsys, s.r.o. is a modern and professional company founded in 2008. It operates in the field of renewable energy and has maintained a stable position in the Slovak market since its inception. Currently, its main activities focus on the installation of photovoltaic systems on rooftop structures and on open land.\nThroughout its existence, our company has implemented numerous projects both domestically and abroad, gaining valuable knowledge and experience in this field. Experience and expertise are what set us apart from others. We share our know-how with our clients on a daily basis through high-quality workmanship and solutions tailored to their needs.\nAnother equally important activity is our advisory and support service. We navigate the constantly changing legislation related to the installation of renewable energy generation systems.\nHigh-quality management, efficient organizational methods, and superior workmanship are achieved thanks to the professionalism, qualifications, and capabilities of our employees, who continuously improve their skills in the construction of photovoltaic power plants and parks.\nWe are fully prepared to meet the most demanding tasks and challenges in the renewable energy sector, and we continually strive to ensure that our company delivers the highest quality at an accessible and reasonable price.<\/p>\t\t\t\t\t\t<\/div>\n\t\t\t\t<\/div>\n\t\t\t\t\t<\/div>\n\t\t<\/div>\n\t\t\t\t\t<\/div>\n\t\t<\/section>\n\t\t<div class=\"elementor-element elementor-element-3a516b97 e-flex e-con-boxed e-con e-parent\" data-id=\"3a516b97\" data-element_type=\"container\" data-settings=\"{&quot;background_background&quot;:&quot;classic&quot;}\">\n\t\t\t\t\t<div class=\"e-con-inner\">\n\t\t<div class=\"elementor-element elementor-element-10b96b8f e-con-full e-flex e-con e-child\" data-id=\"10b96b8f\" data-element_type=\"container\">\n\t\t<div class=\"elementor-element elementor-element-6292a3e6 e-con-full e-flex e-con e-child\" data-id=\"6292a3e6\" data-element_type=\"container\">\n\t\t\t\t<div class=\"elementor-element elementor-element-1b77f203 elementor-widget__width-initial elementor-widget-mobile__width-inherit elementor-widget elementor-widget-counter\" data-id=\"1b77f203\" data-element_type=\"widget\" data-widget_type=\"counter.default\">\n\t\t\t\t<div class=\"elementor-widget-container\">\n\t\t\t\t\t<div class=\"elementor-counter\">\n\t\t\t<div class=\"elementor-counter-title\">Number of roof installations<\/div>\t\t\t<div class=\"elementor-counter-number-wrapper\">\n\t\t\t\t<span class=\"elementor-counter-number-prefix\"><\/span>\n\t\t\t\t<span class=\"elementor-counter-number\" data-duration=\"2000\" data-to-value=\"100\" data-from-value=\"0\" data-delimiter=\",\">0<\/span>\n\t\t\t\t<span class=\"elementor-counter-number-suffix\">+<\/span>\n\t\t\t<\/div>\n\t\t<\/div>\n\t\t\t\t<\/div>\n\t\t\t\t<\/div>\n\t\t\t\t<div class=\"elementor-element elementor-element-2741f3e6 elementor-widget__width-initial elementor-widget-mobile__width-inherit elementor-widget elementor-widget-counter\" data-id=\"2741f3e6\" data-element_type=\"widget\" data-widget_type=\"counter.default\">\n\t\t\t\t<div class=\"elementor-widget-container\">\n\t\t\t\t\t<div class=\"elementor-counter\">\n\t\t\t<div class=\"elementor-counter-title\">Installed capacity on roof installations<\/div>\t\t\t<div class=\"elementor-counter-number-wrapper\">\n\t\t\t\t<span class=\"elementor-counter-number-prefix\"><\/span>\n\t\t\t\t<span class=\"elementor-counter-number\" data-duration=\"2000\" data-to-value=\"4.7\" data-from-value=\"0\" data-delimiter=\",\">0<\/span>\n\t\t\t\t<span class=\"elementor-counter-number-suffix\"> MW<\/span>\n\t\t\t<\/div>\n\t\t<\/div>\n\t\t\t\t<\/div>\n\t\t\t\t<\/div>\n\t\t\t\t<\/div>\n\t\t<div class=\"elementor-element elementor-element-2e363169 e-con-full e-flex e-con e-child\" data-id=\"2e363169\" data-element_type=\"container\">\n\t\t\t\t<div class=\"elementor-element elementor-element-6d4c2b90 elementor-widget__width-initial elementor-widget-mobile__width-inherit elementor-widget elementor-widget-counter\" data-id=\"6d4c2b90\" data-element_type=\"widget\" data-widget_type=\"counter.default\">\n\t\t\t\t<div class=\"elementor-widget-container\">\n\t\t\t\t\t<div class=\"elementor-counter\">\n\t\t\t<div class=\"elementor-counter-title\">Number of ground installations<\/div>\t\t\t<div class=\"elementor-counter-number-wrapper\">\n\t\t\t\t<span class=\"elementor-counter-number-prefix\"><\/span>\n\t\t\t\t<span class=\"elementor-counter-number\" data-duration=\"2000\" data-to-value=\"140\" data-from-value=\"0\" data-delimiter=\",\">0<\/span>\n\t\t\t\t<span class=\"elementor-counter-number-suffix\">+<\/span>\n\t\t\t<\/div>\n\t\t<\/div>\n\t\t\t\t<\/div>\n\t\t\t\t<\/div>\n\t\t\t\t<div class=\"elementor-element elementor-element-5aab1fa4 elementor-widget__width-initial elementor-widget-mobile__width-inherit elementor-widget elementor-widget-counter\" data-id=\"5aab1fa4\" data-element_type=\"widget\" data-widget_type=\"counter.default\">\n\t\t\t\t<div class=\"elementor-widget-container\">\n\t\t\t\t\t<div class=\"elementor-counter\">\n\t\t\t<div class=\"elementor-counter-title\">Installed capacity on open ground<\/div>\t\t\t<div class=\"elementor-counter-number-wrapper\">\n\t\t\t\t<span class=\"elementor-counter-number-prefix\"><\/span>\n\t\t\t\t<span class=\"elementor-counter-number\" data-duration=\"2000\" data-to-value=\"80\" data-from-value=\"0\" data-delimiter=\",\">0<\/span>\n\t\t\t\t<span class=\"elementor-counter-number-suffix\"> MW<\/span>\n\t\t\t<\/div>\n\t\t<\/div>\n\t\t\t\t<\/div>\n\t\t\t\t<\/div>\n\t\t\t\t<\/div>\n\t\t\t\t<\/div>\n\t\t\t\t\t<\/div>\n\t\t\t\t<\/div>\n\t\t\t\t<\/div>","protected":false},"excerpt":{"rendered":"<p>O n\u00e1s O n\u00e1s Kto sme? PV Solarsys, s.r.o. je modernou a profesion\u00e1lnou spolo\u010dnos\u0165ou, ktor\u00e1 vznikla u\u017e v roku 2008. P\u00f4sob\u00ed v oblasti obnovite\u013en\u00fdch zdrojov a od svojho vzniku m\u00e1 stabiln\u00fa poz\u00edciu na slovenskom trhu. Jej hlavnou \u010dinnos\u0165ou v s\u00fa\u010dasnosti je najm\u00e4 realiz\u00e1cia fotovoltick\u00fdch zariaden\u00ed na stre\u0161n\u00fdch kon\u0161trukci\u00e1ch a na vo\u013enej ploche. Za obdobie svojej [&hellip;]<\/p>","protected":false},"author":1,"featured_media":0,"parent":0,"menu_order":0,"comment_status":"closed","ping_status":"closed","template":"","meta":{"footnotes":""},"class_list":["post-402","page","type-page","status-publish","hentry"],"_links":{"self":[{"href":"https:\/\/www.pvsolarsys.sk\/en\/wp-json\/wp\/v2\/pages\/402","targetHints":{"allow":["GET"]}}],"collection":[{"href":"https:\/\/www.pvsolarsys.sk\/en\/wp-json\/wp\/v2\/pages"}],"about":[{"href":"https:\/\/www.pvsolarsys.sk\/en\/wp-json\/wp\/v2\/types\/page"}],"author":[{"embeddable":true,"href":"https:\/\/www.pvsolarsys.sk\/en\/wp-json\/wp\/v2\/users\/1"}],"replies":[{"embeddable":true,"href":"https:\/\/www.pvsolarsys.sk\/en\/wp-json\/wp\/v2\/comments?post=402"}],"version-history":[{"count":58,"href":"https:\/\/www.pvsolarsys.sk\/en\/wp-json\/wp\/v2\/pages\/402\/revisions"}],"predecessor-version":[{"id":787,"href":"https:\/\/www.pvsolarsys.sk\/en\/wp-json\/wp\/v2\/pages\/402\/revisions\/787"}],"wp:attachment":[{"href":"https:\/\/www.pvsolarsys.sk\/en\/wp-json\/wp\/v2\/media?parent=402"}],"curies":[{"name":"wp","href":"https:\/\/api.w.org\/{rel}","templated":true}]}}