{"id":796,"date":"2025-02-26T14:35:42","date_gmt":"2025-02-26T13:35:42","guid":{"rendered":"https:\/\/www.pvsolarsys.sk\/?page_id=796"},"modified":"2025-02-26T14:42:59","modified_gmt":"2025-02-26T13:42:59","slug":"ochrana-osobnych-udajov","status":"publish","type":"page","link":"https:\/\/www.pvsolarsys.sk\/en\/ochrana-osobnych-udajov\/","title":{"rendered":"Privacy policy"},"content":{"rendered":"<div data-elementor-type=\"wp-page\" data-elementor-id=\"796\" class=\"elementor elementor-796\" data-elementor-post-type=\"page\">\n\t\t\t\t<div class=\"elementor-element elementor-element-e69b0d2 e-flex e-con-boxed e-con e-parent\" data-id=\"e69b0d2\" data-element_type=\"container\">\n\t\t\t\t\t<div class=\"e-con-inner\">\n\t\t\t\t<div class=\"elementor-element elementor-element-368c634 elementor-widget elementor-widget-text-editor\" data-id=\"368c634\" data-element_type=\"widget\" data-widget_type=\"text-editor.default\">\n\t\t\t\t<div class=\"elementor-widget-container\">\n\t\t\t\t\t\t\t<p data-start=\"0\" data-end=\"75\"><span style=\"color: #000000;\"><strong data-start=\"0\" data-end=\"75\">OCHRANA OSOBN\u00ddCH \u00daDAJOV POD\u013dA NARIADENIA GDPR A Z\u00c1KONA \u010c. 18\/2018 Z. Z.<\/strong><\/span><\/p><p data-start=\"77\" data-end=\"388\"><span style=\"color: #000000;\">Je v na\u0161om z\u00e1ujme ako prev\u00e1dzkovate\u013ea osobn\u00fdch \u00fadajov, spolo\u010dnosti <strong data-start=\"144\" data-end=\"167\">PV Solarsys, s.r.o.<\/strong>, I\u010cO: 44294972, so s\u00eddlom 415, 044 19 Ruskov, e-mail: <a style=\"color: #000000;\" rel=\"noopener\" data-start=\"222\" data-end=\"246\">pvsolarsys@pvsolarsys.sk<\/a>, chr\u00e1ni\u0165 va\u0161e s\u00fakromie. Sk\u00f4r ne\u017e prostredn\u00edctvom tohto webu poskytnete ak\u00e9ko\u013evek osobn\u00e9 \u00fadaje, pre\u010d\u00edtajte si, pros\u00edm, nasleduj\u00face inform\u00e1cie:<\/span><\/p><p data-start=\"390\" data-end=\"727\"><span style=\"color: #000000;\">S va\u0161imi osobn\u00fdmi \u00fadajmi sa bude zaobch\u00e1dza\u0165 v s\u00falade s pr\u00edslu\u0161n\u00fdmi ustanoveniami <strong data-start=\"472\" data-end=\"547\">Nariadenia Eur\u00f3pskeho parlamentu a Rady (E\u00da) 2016\/679 z 27. apr\u00edla 2016<\/strong> o ochrane fyzick\u00fdch os\u00f4b pri sprac\u00favan\u00ed osobn\u00fdch \u00fadajov (\u010falej len &#8222;nariadenie GDPR&#8220;) a <strong data-start=\"636\" data-end=\"689\">Z\u00e1kona \u010d. 18\/2018 Z. z. o ochrane osobn\u00fdch \u00fadajov<\/strong> (\u010falej len &#8222;z\u00e1kon \u010d. 18\/2018 Z. z.&#8220;).<\/span><\/p><p data-start=\"729\" data-end=\"760\"><span style=\"color: #000000;\"><strong data-start=\"729\" data-end=\"760\">Sprac\u00favanie osobn\u00fdch \u00fadajov<\/strong><\/span><\/p><p data-start=\"762\" data-end=\"1104\"><span style=\"color: #000000;\">Va\u0161e osobn\u00e9 \u00fadaje z\u00edskavame prostredn\u00edctvom kontaktn\u00e9ho formul\u00e1ra na na\u0161ej webovej str\u00e1nke. Tieto \u00fadaje s\u00fa ulo\u017een\u00e9 v zabezpe\u010den\u00fdch datab\u00e1zach alebo e-mailov\u00fdch schr\u00e1nkach na serveroch nach\u00e1dzaj\u00facich sa v Slovenskej republike, pr\u00edstupn\u00fdch len poveren\u00fdm osob\u00e1m cez samostatn\u00e9 prihlasovacie meno a siln\u00e9 heslo. D\u00e1ta s\u00fa z\u00e1lohovan\u00e9 na dennej b\u00e1ze.<\/span><\/p><p data-start=\"1106\" data-end=\"1137\"><span style=\"color: #000000;\"><strong data-start=\"1106\" data-end=\"1137\">Pr\u00edjemcovia osobn\u00fdch \u00fadajov<\/strong><\/span><\/p><p data-start=\"1139\" data-end=\"1375\"><span style=\"color: #000000;\">Medzi pr\u00edjemcov osobn\u00fdch \u00fadajov patria poveren\u00e9 osoby prev\u00e1dzkovate\u013ea a poskytovatelia webhostingov\u00fdch slu\u017eieb. V s\u00fa\u010dasnosti vyu\u017e\u00edvame slu\u017eby spolo\u010dnosti Websupport, s.r.o., so s\u00eddlom Star\u00e9 Grunty 12, 841 04 Bratislava, I\u010cO: 36 421 928.<\/span><\/p><p data-start=\"1377\" data-end=\"1682\"><span style=\"color: #000000;\">Prev\u00e1dzkovate\u013e nezam\u00fd\u0161\u013ea prenos osobn\u00fdch \u00fadajov do tret\u00edch kraj\u00edn ani medzin\u00e1rodn\u00fdch organiz\u00e1ci\u00ed. Poskytnutie osobn\u00fdch \u00fadajov a udelenie s\u00fahlasu s ich sprac\u00favan\u00edm je dobrovo\u013en\u00e9. S\u00fahlas m\u00f4\u017eete kedyko\u013evek odvola\u0165 zaslan\u00edm odvolania na adresu prev\u00e1dzkovate\u013ea. Odvolanie s\u00fahlasu je \u00fa\u010dinn\u00e9 d\u0148om jeho doru\u010denia.<\/span><\/p><p data-start=\"1684\" data-end=\"1709\"><span style=\"color: #000000;\"><strong data-start=\"1684\" data-end=\"1709\">Pr\u00e1va dotknutej osoby<\/strong><\/span><\/p><p data-start=\"1711\" data-end=\"1722\"><span style=\"color: #000000;\">M\u00e1te pr\u00e1vo:<\/span><\/p><ul data-start=\"1724\" data-end=\"1982\"><li data-start=\"1724\" data-end=\"1822\"><span style=\"color: #000000;\">\u017eiada\u0165 o pr\u00edstup k svojim osobn\u00fdm \u00fadajom a o ich opravu, vymazanie alebo obmedzenie sprac\u00favania;<\/span><\/li><li data-start=\"1823\" data-end=\"1876\"><span style=\"color: #000000;\">namieta\u0165 proti sprac\u00favaniu svojich osobn\u00fdch \u00fadajov;<\/span><\/li><li data-start=\"1877\" data-end=\"1909\"><span style=\"color: #000000;\">na prenosnos\u0165 osobn\u00fdch \u00fadajov;<\/span><\/li><li data-start=\"1910\" data-end=\"1982\"><span style=\"color: #000000;\">poda\u0165 n\u00e1vrh na za\u010datie konania na \u00darade na ochranu osobn\u00fdch \u00fadajov SR.<\/span><\/li><\/ul><p data-start=\"1984\" data-end=\"2088\"><span style=\"color: #000000;\">Ot\u00e1zky t\u00fdkaj\u00face sa ochrany osobn\u00fdch \u00fadajov m\u00f4\u017eete zasiela\u0165 na e-mailov\u00fa adresu <a style=\"color: #000000;\" rel=\"noopener\" data-start=\"2063\" data-end=\"2087\">pvsolarsys@pvsolarsys.sk<\/a>.<\/span><\/p><p data-start=\"2090\" data-end=\"2127\"><span style=\"color: #000000;\"><strong data-start=\"2090\" data-end=\"2127\">Z\u00c1SADY POU\u017d\u00cdVANIA S\u00daBOROV COOKIES<\/strong><\/span><\/p><p data-start=\"2129\" data-end=\"2488\"><span style=\"color: #000000;\">V s\u00falade so smernicou \u010d. 2002\/58 o sprac\u00favan\u00ed osobn\u00fdch \u00fadajov a ochrane s\u00fakromia v sektore elektronick\u00fdch komunik\u00e1ci\u00ed a s \u00a7 55 ods. 5 z\u00e1kona \u010d. 351\/2011 Z. z. o elektronick\u00fdch komunik\u00e1ci\u00e1ch v znen\u00ed neskor\u0161\u00edch predpisov v\u00e1s informujeme o pou\u017e\u00edvan\u00ed cookies a o mo\u017enostiach zmeny nastavenia v\u00e1\u0161ho internetov\u00e9ho prehliada\u010da, ak v\u00e1m aktu\u00e1lne nastavenie nevyhovuje.<\/span><\/p><p data-start=\"2490\" data-end=\"2508\"><span style=\"color: #000000;\"><strong data-start=\"2490\" data-end=\"2508\">\u010co s\u00fa cookies?<\/strong><\/span><\/p><p data-start=\"2510\" data-end=\"2780\"><span style=\"color: #000000;\">Cookies s\u00fa mal\u00e9 textov\u00e9 s\u00fabory, ktor\u00e9 m\u00f4\u017eu by\u0165 odosielan\u00e9 do v\u00e1\u0161ho internetov\u00e9ho prehliada\u010da pri n\u00e1v\u0161teve webov\u00fdch str\u00e1nok a ukladan\u00e9 do v\u00e1\u0161ho zariadenia (po\u010d\u00edta\u010da, smartf\u00f3nu, tabletu). Tieto s\u00fabory umo\u017e\u0148uj\u00fa webovej str\u00e1nke rozpozna\u0165 va\u0161e zariadenie pri \u010fal\u0161ej n\u00e1v\u0161teve.<\/span><\/p><p data-start=\"2782\" data-end=\"2816\"><span style=\"color: #000000;\"><strong data-start=\"2782\" data-end=\"2816\">Typy cookies, ktor\u00e9 pou\u017e\u00edvame:<\/strong><\/span><\/p><ul data-start=\"2818\" data-end=\"3101\"><li data-start=\"2818\" data-end=\"3101\"><span style=\"color: #000000;\"><strong data-start=\"2820\" data-end=\"2847\">Z\u00e1kladn\u00e9 s\u00fabory cookies<\/strong>: Tieto cookies s\u00fa nevyhnutn\u00e9 pre spr\u00e1vne fungovanie na\u0161ej webovej str\u00e1nky a umo\u017e\u0148uj\u00fa pou\u017e\u00edvanie z\u00e1kladn\u00fdch funkci\u00ed, ako je napr\u00edklad pr\u00edstup k zabezpe\u010den\u00fdm oblastiam webu. Bez t\u00fdchto cookies nem\u00f4\u017eeme poskytova\u0165 slu\u017eby, ktor\u00e9 tvoria z\u00e1klad na\u0161ej str\u00e1nky.<\/span><\/li><\/ul><p data-start=\"3103\" data-end=\"3180\"><span style=\"color: #000000;\">Na\u0161a webov\u00e1 str\u00e1nka nepou\u017e\u00edva marketingov\u00e9 cookies ani cookies tret\u00edch str\u00e1n.<\/span><\/p><p data-start=\"3182\" data-end=\"3223\"><span style=\"color: #000000;\"><strong data-start=\"3182\" data-end=\"3223\">Ako m\u00f4\u017eete zmeni\u0165 nastavenia cookies?<\/strong><\/span><\/p><p data-start=\"3225\" data-end=\"3688\"><span style=\"color: #000000;\">V\u00e4\u010d\u0161ina internetov\u00fdch prehliada\u010dov je nastaven\u00e1 na automatick\u00e9 prij\u00edmanie cookies. Toto nastavenie m\u00f4\u017eete zmeni\u0165 zablokovan\u00edm cookies alebo nastaven\u00edm upozornenia, ke\u010f sa cookies posielaj\u00fa do v\u00e1\u0161ho zariadenia. In\u0161trukcie na zmenu nastaven\u00ed cookies n\u00e1jdete v sekcii &#8222;Pomoc&#8220; ka\u017ed\u00e9ho prehliada\u010da. Ak pou\u017e\u00edvate r\u00f4zne zariadenia na pr\u00edstup k webov\u00fdm str\u00e1nkam, odpor\u00fa\u010dame prisp\u00f4sobi\u0165 nastavenia cookies v ka\u017edom prehliada\u010di na ka\u017edom zariaden\u00ed pod\u013ea va\u0161ich preferenci\u00ed.<\/span><\/p><p data-start=\"3690\" data-end=\"3731\"><span style=\"color: #000000;\"><strong data-start=\"3690\" data-end=\"3731\">Pre\u010do si ponecha\u0165 nastavenie cookies?<\/strong><\/span><\/p><p data-start=\"3733\" data-end=\"3930\"><span style=\"color: #000000;\">Pou\u017e\u00edvanie cookies a ich povolenie vo webovom prehliada\u010di je na va\u0161om rozhodnut\u00ed. Ak v\u0161ak zmen\u00edte ich nastavenia, m\u00f4\u017ee to ovplyvni\u0165 funk\u010dnos\u0165 na\u0161ej webovej str\u00e1nky a zn\u00ed\u017ei\u0165 v\u00e1\u0161 u\u017e\u00edvate\u013esk\u00fd komfort.<\/span><\/p>\t\t\t\t\t\t<\/div>\n\t\t\t\t<\/div>\n\t\t\t\t\t<\/div>\n\t\t\t\t<\/div>\n\t\t\t\t<\/div>","protected":false},"excerpt":{"rendered":"<p>OCHRANA OSOBN\u00ddCH \u00daDAJOV POD\u013dA NARIADENIA GDPR A Z\u00c1KONA \u010c. 18\/2018 Z. Z. Je v na\u0161om z\u00e1ujme ako prev\u00e1dzkovate\u013ea osobn\u00fdch \u00fadajov, spolo\u010dnosti PV Solarsys, s.r.o., I\u010cO: 44294972, so s\u00eddlom 415, 044 19 Ruskov, e-mail: pvsolarsys@pvsolarsys.sk, chr\u00e1ni\u0165 va\u0161e s\u00fakromie. Sk\u00f4r ne\u017e prostredn\u00edctvom tohto webu poskytnete ak\u00e9ko\u013evek osobn\u00e9 \u00fadaje, pre\u010d\u00edtajte si, pros\u00edm, nasleduj\u00face inform\u00e1cie: S va\u0161imi osobn\u00fdmi \u00fadajmi [&hellip;]<\/p>","protected":false},"author":1,"featured_media":0,"parent":0,"menu_order":0,"comment_status":"closed","ping_status":"closed","template":"","meta":{"footnotes":""},"class_list":["post-796","page","type-page","status-publish","hentry"],"_links":{"self":[{"href":"https:\/\/www.pvsolarsys.sk\/en\/wp-json\/wp\/v2\/pages\/796","targetHints":{"allow":["GET"]}}],"collection":[{"href":"https:\/\/www.pvsolarsys.sk\/en\/wp-json\/wp\/v2\/pages"}],"about":[{"href":"https:\/\/www.pvsolarsys.sk\/en\/wp-json\/wp\/v2\/types\/page"}],"author":[{"embeddable":true,"href":"https:\/\/www.pvsolarsys.sk\/en\/wp-json\/wp\/v2\/users\/1"}],"replies":[{"embeddable":true,"href":"https:\/\/www.pvsolarsys.sk\/en\/wp-json\/wp\/v2\/comments?post=796"}],"version-history":[{"count":4,"href":"https:\/\/www.pvsolarsys.sk\/en\/wp-json\/wp\/v2\/pages\/796\/revisions"}],"predecessor-version":[{"id":801,"href":"https:\/\/www.pvsolarsys.sk\/en\/wp-json\/wp\/v2\/pages\/796\/revisions\/801"}],"wp:attachment":[{"href":"https:\/\/www.pvsolarsys.sk\/en\/wp-json\/wp\/v2\/media?parent=796"}],"curies":[{"name":"wp","href":"https:\/\/api.w.org\/{rel}","templated":true}]}}